{"id":38,"date":"2014-10-09T09:13:27","date_gmt":"2014-10-09T09:13:27","guid":{"rendered":"http:\/\/proyecto-lambda.es\/betas\/madridd5\/?page_id=38"},"modified":"2024-05-30T07:25:53","modified_gmt":"2024-05-30T07:25:53","slug":"portada","status":"publish","type":"page","link":"https:\/\/madridd5.com\/","title":{"rendered":"Portada"},"content":{"rendered":"<p>[et_pb_section fullwidth=\u00bboff\u00bb specialty=\u00bboff\u00bb background_image=\u00bbhttp:\/\/madridd5.com\/wp-content\/uploads\/2014\/10\/onepage-bg.jpg\u00bb transparent_background=\u00bboff\u00bb background_color=\u00bb#ffffff\u00bb inner_shadow=\u00bboff\u00bb parallax=\u00bbon\u00bb parallax_method=\u00bbon\u00bb][et_pb_row][et_pb_column type=\u00bb4_4&#8243;][et_pb_image admin_label=\u00bbImage\u00bb src=\u00bbhttp:\/\/madridd5.com\/wp-content\/uploads\/2014\/10\/mensajero2.png\u00bb show_in_lightbox=\u00bboff\u00bb url_new_window=\u00bboff\u00bb animation=\u00bbleft\u00bb sticky=\u00bbon\u00bb \/][\/et_pb_column][\/et_pb_row][\/et_pb_section][et_pb_section fullwidth=\u00bbon\u00bb specialty=\u00bboff\u00bb transparent_background=\u00bboff\u00bb background_color=\u00bb#282d7d\u00bb inner_shadow=\u00bboff\u00bb parallax=\u00bboff\u00bb parallax_method=\u00bboff\u00bb][et_pb_fullwidth_header admin_label=\u00bbFullwidth Header\u00bb title=\u00bb917 262 391 &#8211; 917 269 600&#8243; background_layout=\u00bbdark\u00bb text_orientation=\u00bbcenter\u00bb subhead=\u00bbMensajer\u00eda r\u00e1pida y de confianza a nivel local, nacional e internacional\u00bb \/][\/et_pb_section][et_pb_section fullwidth=\u00bboff\u00bb specialty=\u00bboff\u00bb transparent_background=\u00bboff\u00bb background_color=\u00bb#ffffff\u00bb inner_shadow=\u00bboff\u00bb parallax=\u00bboff\u00bb parallax_method=\u00bboff\u00bb module_id=\u00bbcaracteristicas\u00bb][et_pb_row][et_pb_column type=\u00bb1_4&#8243;][et_pb_blurb admin_label=\u00bbBlurb\u00bb title=\u00bbConfianza\u00bb url_new_window=\u00bboff\u00bb use_icon=\u00bbon\u00bb font_icon=\u00bb\ue106\u00bb icon_color=\u00bb#2EA3F2&#8243; use_circle=\u00bboff\u00bb circle_color=\u00bb#2EA3F2&#8243; use_circle_border=\u00bboff\u00bb circle_border_color=\u00bb#2EA3F2&#8243; icon_placement=\u00bbtop\u00bb animation=\u00bbtop\u00bb background_layout=\u00bblight\u00bb text_orientation=\u00bbcenter\u00bb]<\/p>\n<p>M\u00e1s de 550 clientes hacen posible que, aun siendo j\u00f3venes, nos consolidemos como empresa de mensajer\u00eda urgente<\/p>\n<p>[\/et_pb_blurb][\/et_pb_column][et_pb_column type=\u00bb1_4&#8243;][et_pb_blurb admin_label=\u00bbBlurb\u00bb title=\u00bbExperiencia\u00bb url_new_window=\u00bboff\u00bb use_icon=\u00bbon\u00bb font_icon=\u00bb\ue0ec\u00bb icon_color=\u00bb#2EA3F2&#8243; use_circle=\u00bboff\u00bb circle_color=\u00bb#2EA3F2&#8243; use_circle_border=\u00bboff\u00bb circle_border_color=\u00bb#2EA3F2&#8243; icon_placement=\u00bbtop\u00bb animation=\u00bbtop\u00bb background_layout=\u00bblight\u00bb text_orientation=\u00bbcenter\u00bb]<\/p>\n<p>Equipo de profesionales con m\u00e1s de 22 a\u00f1os de experiencia en el sector de Mensajer\u00eda<\/p>\n<p>[\/et_pb_blurb][\/et_pb_column][et_pb_column type=\u00bb1_4&#8243;][et_pb_blurb admin_label=\u00bbBlurb\u00bb title=\u00bbObjetivo\u00bb url_new_window=\u00bboff\u00bb use_icon=\u00bbon\u00bb font_icon=\u00bb\ue01d\u00bb icon_color=\u00bb#2EA3F2&#8243; use_circle=\u00bboff\u00bb circle_color=\u00bb#2EA3F2&#8243; use_circle_border=\u00bboff\u00bb circle_border_color=\u00bb#2EA3F2&#8243; icon_placement=\u00bbtop\u00bb animation=\u00bbtop\u00bb background_layout=\u00bblight\u00bb text_orientation=\u00bbcenter\u00bb]<\/p>\n<p>Devolver la confianza depositada; nuestro aval, que el 60 % de nuestros clientes lo son desde nuestro segundo cumplea\u00f1os<\/p>\n<p>[\/et_pb_blurb][\/et_pb_column][et_pb_column type=\u00bb1_4&#8243;][et_pb_blurb admin_label=\u00bbBlurb\u00bb title=\u00bbOfrecemos\u00bb url_new_window=\u00bboff\u00bb use_icon=\u00bbon\u00bb font_icon=\u00bb\ue0e9\u00bb icon_color=\u00bb#2EA3F2&#8243; use_circle=\u00bboff\u00bb circle_color=\u00bb#2EA3F2&#8243; use_circle_border=\u00bboff\u00bb circle_border_color=\u00bb#2EA3F2&#8243; icon_placement=\u00bbtop\u00bb animation=\u00bbtop\u00bb background_layout=\u00bblight\u00bb text_orientation=\u00bbcenter\u00bb]<\/p>\n<p>M\u00e1s servicios y soluciones, crecemos mientras caminamos, nos gustar\u00e1 hacerlo contando con vosotros tambi\u00e9n.<\/p>\n<p>[\/et_pb_blurb][\/et_pb_column][\/et_pb_row][\/et_pb_section][et_pb_section fullwidth=\u00bboff\u00bb specialty=\u00bboff\u00bb background_color=\u00bb#ffffff\u00bb inner_shadow=\u00bboff\u00bb parallax=\u00bbon\u00bb background_image=\u00bbhttp:\/\/madridd5.com\/wp-content\/uploads\/2014\/10\/madrid2-1.jpg\u00bb transparent_background=\u00bboff\u00bb parallax_method=\u00bbon\u00bb module_id=\u00bbcontacta\u00bb][et_pb_row][et_pb_column type=\u00bb1_3&#8243;][et_pb_text admin_label=\u00bbText\u00bb background_layout=\u00bblight\u00bb text_orientation=\u00bbleft\u00bb \/][\/et_pb_column][et_pb_column type=\u00bb1_3&#8243;][et_pb_testimonial admin_label=\u00bbTestimonial\u00bb url_new_window=\u00bboff\u00bb quote_icon=\u00bbon\u00bb use_background_color=\u00bbon\u00bb background_color=\u00bb#f5f5f5&#8243; background_layout=\u00bblight\u00bb text_orientation=\u00bbcenter\u00bb]<\/p>\n<h3 style=\"text-align: center;\">CONTACTE CON NOSOTROS<\/h3>\n<p style=\"text-align: center;\">administracion@madridd5.com<\/p>\n<p style=\"text-align: center;\">comercial@madridd5.com<\/p>\n<p style=\"text-align: center;\">trafico@madridd5.com<\/p>\n<p style=\"text-align: center;\">Calle de Elvira, 3 28028 Madrid<\/p>\n<p style=\"text-align: center;\">917 262 391<\/p>\n<p style=\"text-align: center;\">917 269 600<\/p>\n<p>[\/et_pb_testimonial][\/et_pb_column][et_pb_column type=\u00bb1_3&#8243;][et_pb_contact_form admin_label=\u00bbContact Form\u00bb captcha=\u00bboff\u00bb email=\u00bbcomercial@madridd5.com\u00bb \/][\/et_pb_column][\/et_pb_row][et_pb_row][\/et_pb_row][\/et_pb_section][et_pb_section fullwidth=\u00bboff\u00bb specialty=\u00bboff\u00bb transparent_background=\u00bboff\u00bb background_color=\u00bb#000000&#8243; inner_shadow=\u00bboff\u00bb parallax=\u00bbon\u00bb parallax_method=\u00bbon\u00bb][et_pb_row][et_pb_column type=\u00bb4_4&#8243;][et_pb_number_counter admin_label=\u00bbNumber Counter\u00bb title=\u00bbDesde 1997 conectando Madrid, Espa\u00f1a y El Mundo\u00bb number=\u00bb1997&#8243; percent_sign=\u00bboff\u00bb counter_color=\u00bb#ffffff\u00bb background_layout=\u00bbdark\u00bb \/][et_pb_image admin_label=\u00bbImage\u00bb src=\u00bbhttp:\/\/madridd5.com\/wp-content\/uploads\/2014\/10\/rotulo2.jpg\u00bb show_in_lightbox=\u00bboff\u00bb url_new_window=\u00bboff\u00bb animation=\u00bbbottom\u00bb sticky=\u00bbon\u00bb module_id=\u00bbimagenbanner\u00bb \/][\/et_pb_column][\/et_pb_row][\/et_pb_section][et_pb_section fullwidth=\u00bboff\u00bb specialty=\u00bboff\u00bb transparent_background=\u00bboff\u00bb background_color=\u00bb#ffffff\u00bb inner_shadow=\u00bboff\u00bb parallax=\u00bboff\u00bb parallax_method=\u00bboff\u00bb module_id=\u00bbservicios\u00bb][et_pb_row][et_pb_column type=\u00bb1_3&#8243;][et_pb_blurb admin_label=\u00bbBlurb\u00bb title=\u00bbMensajer\u00eda Inmediata\u00bb url_new_window=\u00bboff\u00bb use_icon=\u00bbon\u00bb font_icon=\u00bb}\u00bb icon_color=\u00bb#353535&#8243; use_circle=\u00bboff\u00bb circle_color=\u00bb#2EA3F2&#8243; use_circle_border=\u00bboff\u00bb circle_border_color=\u00bb#2EA3F2&#8243; icon_placement=\u00bbleft\u00bb animation=\u00bbtop\u00bb background_layout=\u00bblight\u00bb text_orientation=\u00bbcenter\u00bb]<\/p>\n<p>Recogida-entrega en Madrid capital m\u00e1ximo 1 hora 30 minutos. Recogida-entrega en Madrid provincia m\u00e1ximo 2 horas 30 minutos (no facturamos c\u00e1nones por lluvia , excesos , etc. )<\/p>\n<p>[\/et_pb_blurb][et_pb_blurb admin_label=\u00bbBlurb\u00bb title=\u00bbCourier Internacional A\u00e9reo\u00bb url_new_window=\u00bboff\u00bb use_icon=\u00bbon\u00bb font_icon=\u00bb\ue0e2\u00bb icon_color=\u00bb#353535&#8243; use_circle=\u00bboff\u00bb circle_color=\u00bb#2EA3F2&#8243; use_circle_border=\u00bboff\u00bb circle_border_color=\u00bb#2EA3F2&#8243; icon_placement=\u00bbleft\u00bb animation=\u00bbtop\u00bb background_layout=\u00bblight\u00bb text_orientation=\u00bbcenter\u00bb]<\/p>\n<p>Todos sus documentos y paquetes internacionales en tiempo r\u00e9cord a cualquier punto del mundo.<\/p>\n<p>[\/et_pb_blurb][\/et_pb_column][et_pb_column type=\u00bb1_3&#8243;][et_pb_blurb admin_label=\u00bbBlurb\u00bb title=\u00bbServicio Urgente Madrid\u00bb url_new_window=\u00bboff\u00bb use_icon=\u00bbon\u00bb font_icon=\u00bb\ue0ef\u00bb icon_color=\u00bb#353535&#8243; use_circle=\u00bboff\u00bb circle_color=\u00bb#2EA3F2&#8243; use_circle_border=\u00bboff\u00bb circle_border_color=\u00bb#2EA3F2&#8243; icon_placement=\u00bbleft\u00bb animation=\u00bbtop\u00bb background_layout=\u00bblight\u00bb text_orientation=\u00bbcenter\u00bb]<\/p>\n<p>Especialmente dise\u00f1ado para optimizar costes sin renunciar a la rapidez. Recogemos antes de las 14:00h. para entregar antes de las 18:00h. O antes de las 18 h. para entregar antes de la 13:00 h.<\/p>\n<p>[\/et_pb_blurb][et_pb_blurb admin_label=\u00bbBlurb\u00bb title=\u00bbCarga Terrestre Europa\u00bb url_new_window=\u00bboff\u00bb use_icon=\u00bbon\u00bb font_icon=\u00bb\ue01c\u00bb icon_color=\u00bb#353535&#8243; use_circle=\u00bboff\u00bb circle_color=\u00bb#2EA3F2&#8243; use_circle_border=\u00bboff\u00bb circle_border_color=\u00bb#2EA3F2&#8243; icon_placement=\u00bbleft\u00bb animation=\u00bbtop\u00bb background_layout=\u00bblight\u00bb text_orientation=\u00bbcenter\u00bb]<\/p>\n<p>El medio adecuado para transportar mercanc\u00edas de peso o volumen a cualquier punto de Europa optimizando tiempos y costes.<\/p>\n<p>[\/et_pb_blurb][\/et_pb_column][et_pb_column type=\u00bb1_3&#8243;][et_pb_blurb admin_label=\u00bbBlurb\u00bb title=\u00bbServicio nacional 24h \u2013 antes de 10h \u2013 Express 4h.\u00bb url_new_window=\u00bboff\u00bb use_icon=\u00bbon\u00bb font_icon=\u00bb\ue60d\u00bb icon_color=\u00bb#353535&#8243; use_circle=\u00bboff\u00bb circle_color=\u00bb#2EA3F2&#8243; use_circle_border=\u00bboff\u00bb circle_border_color=\u00bb#2EA3F2&#8243; icon_placement=\u00bbleft\u00bb animation=\u00bbtop\u00bb background_layout=\u00bblight\u00bb text_orientation=\u00bbcenter\u00bb]<\/p>\n<p>La variedad de opciones nos permite entregar en todo el territorio nacional incluido Baleares y Canarias en el plazo elegido seg\u00fan las necesidades y urgencia con total garant\u00eda.<\/p>\n<p>[\/et_pb_blurb][et_pb_blurb admin_label=\u00bbBlurb\u00bb title=\u00bbServicios especiales, repartos masivos manipulados\u00bb url_new_window=\u00bboff\u00bb use_icon=\u00bbon\u00bb font_icon=\u00bbs\u00bb icon_color=\u00bb#353535&#8243; use_circle=\u00bboff\u00bb circle_color=\u00bb#2EA3F2&#8243; use_circle_border=\u00bboff\u00bb circle_border_color=\u00bb#2EA3F2&#8243; icon_placement=\u00bbleft\u00bb animation=\u00bbtop\u00bb background_layout=\u00bblight\u00bb text_orientation=\u00bbcenter\u00bb]<\/p>\n<p>Cons\u00faltenos , buscamos y asesoramos sobre las mejores opciones para desarrollar su proyecto .<\/p>\n<p>[\/et_pb_blurb][\/et_pb_column][\/et_pb_row][\/et_pb_section][et_pb_section fullwidth=\u00bbon\u00bb specialty=\u00bboff\u00bb transparent_background=\u00bboff\u00bb background_color=\u00bb#ffffff\u00bb inner_shadow=\u00bboff\u00bb parallax=\u00bboff\u00bb parallax_method=\u00bboff\u00bb module_id=\u00bbestamos\u00bb][et_pb_fullwidth_map admin_label=\u00bbFullwidth Map\u00bb zoom_level=\u00bb16&#8243; address_lat=\u00bb40.42372888753438&#8243; address_lng=\u00bb-3.6652522208739757&#8243; address=\u00bbMadrid, Madrid, Espa\u00f1a\u00bb mouse_wheel=\u00bboff\u00bb][et_pb_map_pin title=\u00bbMadrid D5&#8243; pin_address=\u00bbCalle de Elvira, 3, 28028 Madrid, Madrid, Espa\u00f1a\u00bb pin_address_lat=\u00bb40.4236029&#8243; pin_address_lng=\u00bb-3.6652890000000298&#8243; \/][\/et_pb_fullwidth_map][\/et_pb_section]<\/p>\n","protected":false},"excerpt":{"rendered":"<p><div class=\"et_pb_row et_pb_row_0 et_pb_row_empty\">\n\t\t\t\t\n\t\t\t\t\n\t\t\t\t\n\t\t\t\t\n\t\t\t\t\n\t\t\t<\/div><div class=\"et_pb_row et_pb_row_1 et_pb_row_empty\">\n\t\t\t\t\n\t\t\t\t\n\t\t\t\t\n\t\t\t\t\n\t\t\t\t\n\t\t\t<\/div> M\u00e1s de 550 clientes hacen posible que, aun siendo j\u00f3venes, nos consolidemos como empresa de mensajer\u00eda urgente Equipo de profesionales con m\u00e1s de 22 a\u00f1os de experiencia en el sector de Mensajer\u00eda Devolver la confianza depositada; nuestro aval, que el 60 % de nuestros clientes lo son desde nuestro segundo cumplea\u00f1os M\u00e1s servicios y [&hellip;]<\/p>\n","protected":false},"author":1,"featured_media":0,"parent":0,"menu_order":0,"comment_status":"closed","ping_status":"closed","template":"","meta":{"_et_pb_use_builder":"on","_et_pb_old_content":"","_et_gb_content_width":"","footnotes":""},"class_list":["post-38","page","type-page","status-publish","hentry"],"_links":{"self":[{"href":"https:\/\/madridd5.com\/index.php?rest_route=\/wp\/v2\/pages\/38","targetHints":{"allow":["GET"]}}],"collection":[{"href":"https:\/\/madridd5.com\/index.php?rest_route=\/wp\/v2\/pages"}],"about":[{"href":"https:\/\/madridd5.com\/index.php?rest_route=\/wp\/v2\/types\/page"}],"author":[{"embeddable":true,"href":"https:\/\/madridd5.com\/index.php?rest_route=\/wp\/v2\/users\/1"}],"replies":[{"embeddable":true,"href":"https:\/\/madridd5.com\/index.php?rest_route=%2Fwp%2Fv2%2Fcomments&post=38"}],"version-history":[{"count":192,"href":"https:\/\/madridd5.com\/index.php?rest_route=\/wp\/v2\/pages\/38\/revisions"}],"predecessor-version":[{"id":281,"href":"https:\/\/madridd5.com\/index.php?rest_route=\/wp\/v2\/pages\/38\/revisions\/281"}],"wp:attachment":[{"href":"https:\/\/madridd5.com\/index.php?rest_route=%2Fwp%2Fv2%2Fmedia&parent=38"}],"curies":[{"name":"wp","href":"https:\/\/api.w.org\/{rel}","templated":true}]}}